{"id":5,"date":"2018-11-25T13:37:04","date_gmt":"2018-11-25T13:37:04","guid":{"rendered":"https:\/\/fgv.nu:5443\/?page_id=5"},"modified":"2025-11-25T22:32:04","modified_gmt":"2025-11-25T22:32:04","slug":"fgv-vilka-ar-vi","status":"publish","type":"page","link":"https:\/\/fgv.nu\/?page_id=5","title":{"rendered":"FGV &#8211; vilka \u00e4r vi?"},"content":{"rendered":"<p><strong>FGV<\/strong> st\u00e5r f\u00f6r <strong>F<\/strong>\u00f6reningen <strong>G<\/strong>amla <strong>V<\/strong>\u00e4star och enligt <strong>FGV:s<\/strong> stadgar har f\u00f6reningen \u201dtill \u00e4ndam\u00e5l att fr\u00e4mja Chalmersspexens framtida fortbest\u00e5nd samt verka f\u00f6r dess dokumentation\u201d.<\/p>\n<p><strong>FGV<\/strong> arbetar kontinuerligt med att se till att alla Chalmersspex blir dokumenterade p\u00e5 ett s\u00e5 bra s\u00e4tt som m\u00f6jligt f\u00f6r att efterv\u00e4rlden kan f\u00e5 m\u00f6jlighet av att njuta av allt det roliga som Chalmersspexen gjort genom \u00e5ren. Detta g\u00f6rs genom att:<\/p>\n<ul>\n<li>Publicera b\u00f6cker, skivor och lexikon<\/li>\n<li>S\u00e4kerst\u00e4lla att manus, affischer med mera arkiveras p\u00e5 landsarkivet<\/li>\n<li>Ansvara att video och filminspelningar fr\u00e5n gamla Chalmersspex bevaras och s\u00e4kras upp f\u00f6r framtiden<\/li>\n<\/ul>\n<p>Att fr\u00e4mja Chalmersspexets fortbest\u00e5nd \u00e4r <strong>FGV:s<\/strong> fr\u00e4msta uppgift och detta g\u00f6rs p\u00e5 tv\u00e5 olika s\u00e4tt. F\u00f6rst och fr\u00e4mst agerar <strong>FGV<\/strong> bollplank till \u00e5rets spex samt st\u00f6ttar i fr\u00e5gor som \u00e4r viktiga inte bara f\u00f6r \u00e5rets utan \u00e4ven kommande \u00e5rs spex. Exempel p\u00e5 detta kan vara framtagandet av en ny logga eller att genomf\u00f6ra en utredning kring hur spexet kan agera f\u00f6r att st\u00e5 emot det st\u00e4ndigt \u00f6kade mediabruset. Ut\u00f6ver detta s\u00e4tter <strong>FGV<\/strong> \u00e4ven upp nyupps\u00e4ttningar av gamla spex. Detta g\u00f6rs dels f\u00f6r att det \u00e4r v\u00e4ldigt roligt och dels f\u00f6r att det p\u00e5 ett mycket bra s\u00e4tt f\u00f6renar nya och gamla spextraditioner och p\u00e5 s\u00e5 s\u00e4tt skapar ett ov\u00e4rderligt n\u00e4tverk mellan gamla och nya spexare.<\/p>\n<h3><strong>Styrelsen<\/strong><\/h3>\n<p><span style=\"font-weight: 400;\">Styrelsen best\u00e5r av de av sittande Inspektor (Inspextant), Directeur, Casseur fr\u00e5n det nuvarande spexet samt fem ledam\u00f6ter som v\u00e4ljs p\u00e5 det ordinarie \u00e5rsm\u00f6tet.<\/span><\/p>\n<p>Styrelsen har sitt s\u00e4te i G\u00f6teborg och har i uppdrag att f\u00f6rvalta <strong>FGV<\/strong>. Detta g\u00f6rs fr\u00e4mst genom att s\u00e4kerst\u00e4lla geomf\u00f6randet av nyupps\u00e4ttningar och jubil\u00e9er, dokumentation av alla genomf\u00f6rda spex. Styrelsen jobbar \u00e4ven aktivt med att st\u00f6tta de nuvarande spexen i fr\u00e5gor som inte enbart ber\u00f6r \u00e5rets spex utan \u00e4ven har stor betydelse f\u00f6r kommande \u00e5rs spex. Vid behov tills\u00e4tter styrelsen externa projektgrupper f\u00f6r att utreda hur en s\u00e5 bra l\u00f6sning som m\u00f6jligt kan skapas f\u00f6r den aktuella fr\u00e5gest\u00e4llningen.<\/p>\n<p><strong>FGV:s styrelse best\u00e5r av:<\/strong><\/p>\n\n<table id=\"tablepress-24\" class=\"tablepress tablepress-id-24\">\n<thead>\n<tr class=\"row-1\">\n\t<td class=\"column-1\"><\/td><th class=\"column-2\">Post\/Namn<\/th><th class=\"column-3\">Spex\u00e5r<\/th><th class=\"column-4\">Ansvarsomr\u00e5de<\/th>\n<\/tr>\n<\/thead>\n<tbody class=\"row-striping row-hover\">\n<tr class=\"row-2\">\n\t<td class=\"column-1\"><a href=\"https:\/\/fgv.nu\/wp-content\/uploads\/2025\/11\/Jan-E.jpg\"><img loading=\"lazy\" decoding=\"async\" src=\"https:\/\/fgv.nu\/wp-content\/uploads\/2025\/11\/Jan-E.jpg\" alt=\"\" width=\"110\" height=\"110\" class=\"alignnone size-full wp-image-1051\" \/><\/a><br \/>\n<\/td><td class=\"column-2\">Ordf\u00f6rande<br \/>\nIsabelle \"Jan-E\" Jarl<\/td><td class=\"column-3\">2019-2021<\/td><td class=\"column-4\">H\u00e5ller ett vakande \u00f6ga \u00f6ver FGV:s verksamhet och fungerar som kontaktperson.<\/td>\n<\/tr>\n<tr class=\"row-3\">\n\t<td class=\"column-1\"><\/td><td class=\"column-2\">Sekreterare<br \/>\nGustav \u201cFr\u00f6ken\u201d Kratz<\/td><td class=\"column-3\">2019-2023<\/td><td class=\"column-4\">Skriver protokoll, adresslista, dokument med mera<\/td>\n<\/tr>\n<tr class=\"row-4\">\n\t<td class=\"column-1\"><a href=\"https:\/\/fgv.nu\/wp-content\/uploads\/2025\/11\/Glitter.jpg\"><img loading=\"lazy\" decoding=\"async\" src=\"https:\/\/fgv.nu\/wp-content\/uploads\/2025\/11\/Glitter.jpg\" alt=\"\" width=\"110\" height=\"110\" class=\"alignnone size-full wp-image-1051\" \/><\/a><br \/>\n<\/td><td class=\"column-2\">Kass\u00f6r<br \/>\nSebastian \u201cGlitter\u201d Ringqvist<br \/>\n<\/td><td class=\"column-3\">2023-2024<\/td><td class=\"column-4\">H\u00e5ller i FGV:s ekonomi<\/td>\n<\/tr>\n<tr class=\"row-5\">\n\t<td class=\"column-1\"><a href=\"https:\/\/fgv.nu\/wp-content\/uploads\/2020\/04\/Cess-1.jpg\"><img loading=\"lazy\" decoding=\"async\" src=\"https:\/\/fgv.nu\/wp-content\/uploads\/2020\/04\/Cess-1.jpg\" alt=\"\" width=\"83\" height=\"110\" class=\"alignnone size-full wp-image-1057\" \/><\/a><\/td><td class=\"column-2\">Inspextant<br \/>\nCecilia \"Cessie\" Berlin<\/td><td class=\"column-3\">Vera 03-07<br \/>\nBob -05<br \/>\nTender Bar - 08 och diverse nyupps\u00e4ttningar<\/td><td class=\"column-4\">Spexets stadiga boja i en stormig hamn<\/td>\n<\/tr>\n<tr class=\"row-6\">\n\t<td class=\"column-1\"><a href=\"https:\/\/fgv.nu\/wp-content\/uploads\/2019\/09\/Faxe.jpg\"><img loading=\"lazy\" decoding=\"async\" src=\"https:\/\/fgv.nu\/wp-content\/uploads\/2019\/09\/Faxe.jpg\" alt=\"\" width=\"85\" height=\"110\" class=\"alignnone size-full wp-image-677\" \/><\/a><\/td><td class=\"column-2\">Dokumentation och Datagrupp<br \/>\nFredrik \"Faxe\" Bonde<\/td><td class=\"column-3\">1990-92<\/td><td class=\"column-4\">H\u00e5ller i det fortl\u00f6pande dokumentationsarbetet och delar av datordriften.<\/td>\n<\/tr>\n<tr class=\"row-7\">\n\t<td class=\"column-1\"><a href=\"https:\/\/fgv.nu\/wp-content\/uploads\/2025\/11\/Gnistan.jpg\"><img loading=\"lazy\" decoding=\"async\" src=\"https:\/\/fgv.nu\/wp-content\/uploads\/2025\/11\/Gnistan.jpg\" alt=\"\" width=\"110\" height=\"110\" class=\"alignnone size-full wp-image-1051\" \/><\/a><\/td><td class=\"column-2\">Ledamot<br \/>\nLinn \u201cGnistan\u201d Tj\u00e4der<\/td><td class=\"column-3\">2019-21<\/td><td class=\"column-4\"><\/td>\n<\/tr>\n<tr class=\"row-8\">\n\t<td class=\"column-1\"><a href=\"https:\/\/fgv.nu\/wp-content\/uploads\/2025\/11\/PS.jpg\"><img loading=\"lazy\" decoding=\"async\" src=\"https:\/\/fgv.nu\/wp-content\/uploads\/2025\/11\/PS.jpg\" alt=\"\" width=\"110\" height=\"110\" class=\"alignnone size-full wp-image-1051\" \/><\/a><\/td><td class=\"column-2\">Chalmersspexets directeur<br \/>\nFilip \u201cPS\u201d Djokic<br \/>\n<\/td><td class=\"column-3\">2024-2025<\/td><td class=\"column-4\"><\/td>\n<\/tr>\n<tr class=\"row-9\">\n\t<td class=\"column-1\"><a href=\"https:\/\/fgv.nu\/wp-content\/uploads\/2025\/11\/AB.jpg\"><img loading=\"lazy\" decoding=\"async\" src=\"https:\/\/fgv.nu\/wp-content\/uploads\/2025\/11\/AB.jpg\" alt=\"\" width=\"110\" height=\"110\" class=\"alignnone size-full wp-image-1051\" \/><\/a><\/td><td class=\"column-2\">Chalmersspexets kass\u00f6r<br \/>\nWilliam \u201cAB\u201d Haag<\/td><td class=\"column-3\">2025<\/td><td class=\"column-4\"><\/td>\n<\/tr>\n<\/tbody>\n<\/table>\n<!-- #tablepress-24 from cache -->\n","protected":false},"excerpt":{"rendered":"<p>FGV st\u00e5r f\u00f6r F\u00f6reningen Gamla V\u00e4star och enligt FGV:s stadgar har f\u00f6reningen \u201dtill \u00e4ndam\u00e5l att fr\u00e4mja Chalmersspexens framtida fortbest\u00e5nd samt verka f\u00f6r dess dokumentation\u201d. FGV arbetar kontinuerligt med att se till att alla Chalmersspex blir dokumenterade p\u00e5 ett s\u00e5 bra s\u00e4tt som m\u00f6jligt f\u00f6r att efterv\u00e4rlden kan f\u00e5 m\u00f6jlighet av att njuta av allt det&hellip;&nbsp;<a href=\"https:\/\/fgv.nu\/?page_id=5\" class=\"\" rel=\"bookmark\">Read More &raquo;<span class=\"screen-reader-text\">FGV &#8211; vilka \u00e4r vi?<\/span><\/a><\/p>\n","protected":false},"author":2,"featured_media":0,"parent":0,"menu_order":0,"comment_status":"closed","ping_status":"closed","template":"","meta":{"neve_meta_sidebar":"","neve_meta_container":"","neve_meta_enable_content_width":"","neve_meta_content_width":70,"neve_meta_title_alignment":"","neve_meta_author_avatar":"","neve_post_elements_order":"","neve_meta_disable_header":"","neve_meta_disable_footer":"","neve_meta_disable_title":"","footnotes":""},"class_list":["post-5","page","type-page","status-publish","hentry"],"_links":{"self":[{"href":"https:\/\/fgv.nu\/index.php?rest_route=\/wp\/v2\/pages\/5","targetHints":{"allow":["GET"]}}],"collection":[{"href":"https:\/\/fgv.nu\/index.php?rest_route=\/wp\/v2\/pages"}],"about":[{"href":"https:\/\/fgv.nu\/index.php?rest_route=\/wp\/v2\/types\/page"}],"author":[{"embeddable":true,"href":"https:\/\/fgv.nu\/index.php?rest_route=\/wp\/v2\/users\/2"}],"replies":[{"embeddable":true,"href":"https:\/\/fgv.nu\/index.php?rest_route=%2Fwp%2Fv2%2Fcomments&post=5"}],"version-history":[{"count":10,"href":"https:\/\/fgv.nu\/index.php?rest_route=\/wp\/v2\/pages\/5\/revisions"}],"predecessor-version":[{"id":1830,"href":"https:\/\/fgv.nu\/index.php?rest_route=\/wp\/v2\/pages\/5\/revisions\/1830"}],"wp:attachment":[{"href":"https:\/\/fgv.nu\/index.php?rest_route=%2Fwp%2Fv2%2Fmedia&parent=5"}],"curies":[{"name":"wp","href":"https:\/\/api.w.org\/{rel}","templated":true}]}}