{"id":9,"date":"2018-12-15T15:31:39","date_gmt":"2018-12-15T15:31:39","guid":{"rendered":"https:\/\/fgv.nu:5443\/?page_id=9"},"modified":"2026-04-02T16:52:57","modified_gmt":"2026-04-02T16:52:57","slug":"vill-du-bli-medlem","status":"publish","type":"page","link":"https:\/\/fgv.nu\/?page_id=9","title":{"rendered":"Vill du bli medlem?"},"content":{"rendered":"\n<h3 class=\"wp-block-heading\"><strong>Vad inneb\u00e4r ett medlemskap i FGV?<\/strong><\/h3>\n\n\n\n<p><strong>F<\/strong>\u00f6reningen <strong>G<\/strong>amla <strong>V<\/strong>\u00e4star st\u00f6ttar aktiva Chalmersspex, tills\u00e4tter nyupps\u00e4ttningar samt samordnar dokumentation av spexmaterial. Delar av medlemskapet finansierar skivinspelningar av \u00e5rets spex. Ett FGV-medlemskap \u00e4r d\u00e4rf\u00f6r ett naturligt s\u00e4tt att bidra till ett starkt Chalmersspex!<\/p>\n\n\n\n<p>I medlemskapet ing\u00e5r, f\u00f6rutom \u00e5rets spexskiva, \u00e4ven tillg\u00e5ng till de interna funktionerna p\u00e5 denna hemsida vilka bland annat innefattar spexalumnikatalogen, spexl\u00e5tsregistret (d\u00e4r man kan s\u00f6ka p\u00e5 alla l\u00e5tar som n\u00e5gonsin varit med i ett spex), Not-Arr-kivet, Spexflix och Spexipedia - Chalmersspexets digitala uppslagsverk. Observera att endast begr\u00e4nsad tillg\u00e5ng till de interna sidorna ing\u00e5r i st\u00f6dmedlemskapet.<\/p>\n\n\n\n<h2 class=\"wp-block-heading\"><strong>Medlemsavgifter 202<\/strong>6<\/h2>\n\n\n\n<p>Vi har konstaterat att det \u00e4r ett typo i 2025 \u00e5rsm\u00f6tesprotokoll. Det som avses i protokollet \u00e4r givetvis medlemsavgift f\u00f6r 2026 och inte 2025. Men eftersom m\u00f6tet fastst\u00e4llde standard medlemsavgift till 225 kr resp 325 kr f\u00f6r familj godk\u00e4nns det som avgift f\u00f6r 2026. Men det uppmuntras att forts\u00e4tta den traditionsenliga indexprincipen med 1 kr \u00f6kning\/\u00e5r. Anledningen \u00e4r att inte beh\u00f6va inkr\u00e4va 1kr f\u00f6r de som f\u00f6ljt \u00e5rsm\u00f6tet.<\/p>\n\n\n\n<h3 class=\"wp-block-heading\">F\u00f6ljande medlemskap finns att v\u00e4lja p\u00e5 under 2026:<\/h3>\n\n\n\n<figure class=\"wp-block-table\"><table><tbody><tr><td><strong><em>Standardmedlemskap<\/em><\/strong><br><\/td><td>Medlemskap&nbsp;225 kr (226kr)<br><br><p>&nbsp;<span style=\"font-family: inherit; font-size: 0.9em; font-weight: inherit; text-align: inherit;\">Familjemedlemskap 325 kr (326kr)   <\/span><\/p><\/td><\/tr><\/tbody><\/table><\/figure>\n\n\n\n<h2 class=\"wp-block-heading\"><strong>Inbetalning av medlemsavgift<\/strong><\/h2>\n\n\n\n<p>Inbetalning av medlemsavgift sker enklast genom att betala in l\u00e4mpligt belopp till <strong>bankgirokonto 5348-3863 (CHALMERSSPEXET FGV)<\/strong>. Gl\u00f6m inte att uppge namn, adress.<\/p>\n\n\n\n<h3 class=\"wp-block-heading\">Swish<\/h3>\n\n\n\n<p>Nu kan du enkelt betala ditt medlemskap via Swish till FGV's Swishnummer <a href=\"tel:1231034651\">123-103 46 51<\/a>, det g\u00e5r ocks\u00e5 utm\u00e4rkt att skanna QR-koden nedan:<\/p>\n\n\n\n<figure class=\"wp-block-image size-large is-resized\"><img loading=\"lazy\" decoding=\"async\" width=\"726\" height=\"1024\" src=\"https:\/\/fgv.nu\/wp-content\/uploads\/2026\/02\/FGV-QR-web-726x1024.png\" alt=\"\" class=\"wp-image-1847\" style=\"width:255px;height:auto\" srcset=\"https:\/\/fgv.nu\/wp-content\/uploads\/2026\/02\/FGV-QR-web-726x1024.png 726w, https:\/\/fgv.nu\/wp-content\/uploads\/2026\/02\/FGV-QR-web-213x300.png 213w, https:\/\/fgv.nu\/wp-content\/uploads\/2026\/02\/FGV-QR-web-768x1084.png 768w, https:\/\/fgv.nu\/wp-content\/uploads\/2026\/02\/FGV-QR-web.png 995w\" sizes=\"auto, (max-width: 726px) 100vw, 726px\" \/><\/figure>\n\n\n\n<div class=\"wp-block-group\"><div class=\"wp-block-group__inner-container is-layout-flow wp-block-group-is-layout-flow\">\n<div class=\"wp-block-columns is-layout-flex wp-container-core-columns-is-layout-9d6595d7 wp-block-columns-is-layout-flex\">\n<div class=\"wp-block-column is-vertically-aligned-top is-layout-flow wp-block-column-is-layout-flow\" style=\"flex-basis:100%\"><\/div>\n<\/div>\n\n\n\n<p>N\u00e4r du har betalat medlemskapet ber vi dig fylla i formul\u00e4ret genom att klicka p\u00e5 knappen s\u00e5 kommer vi skapa ett konto \u00e5t dig n\u00e4r vi sett att betalningen kommit in. <\/p>\n<\/div><\/div>\n\n\n\n<div class=\"wp-block-buttons is-layout-flex wp-block-buttons-is-layout-flex\">\n<div class=\"wp-block-button\"><a class=\"wp-block-button__link wp-element-button\">Fyll i formul\u00e4ret h\u00e4r<\/a><\/div>\n<\/div>\n\n\n\n<p><\/p>\n","protected":false},"excerpt":{"rendered":"<p>Vad inneb\u00e4r ett medlemskap i FGV? F\u00f6reningen Gamla V\u00e4star st\u00f6ttar aktiva Chalmersspex, tills\u00e4tter nyupps\u00e4ttningar samt samordnar dokumentation av spexmaterial. Delar av medlemskapet finansierar skivinspelningar av \u00e5rets spex. Ett FGV-medlemskap \u00e4r d\u00e4rf\u00f6r ett naturligt s\u00e4tt att bidra till ett starkt Chalmersspex! I medlemskapet ing\u00e5r, f\u00f6rutom \u00e5rets spexskiva, \u00e4ven tillg\u00e5ng till de interna funktionerna p\u00e5 denna hemsida&hellip;&nbsp;<a href=\"https:\/\/fgv.nu\/?page_id=9\" class=\"\" rel=\"bookmark\">Read More &raquo;<span class=\"screen-reader-text\">Vill du bli medlem?<\/span><\/a><\/p>\n","protected":false},"author":2,"featured_media":0,"parent":0,"menu_order":0,"comment_status":"closed","ping_status":"closed","template":"","meta":{"neve_meta_sidebar":"","neve_meta_container":"","neve_meta_enable_content_width":"off","neve_meta_content_width":70,"neve_meta_title_alignment":"","neve_meta_author_avatar":"","neve_post_elements_order":"","neve_meta_disable_header":"","neve_meta_disable_footer":"","neve_meta_disable_title":"","footnotes":""},"class_list":["post-9","page","type-page","status-publish","hentry"],"_links":{"self":[{"href":"https:\/\/fgv.nu\/index.php?rest_route=\/wp\/v2\/pages\/9","targetHints":{"allow":["GET"]}}],"collection":[{"href":"https:\/\/fgv.nu\/index.php?rest_route=\/wp\/v2\/pages"}],"about":[{"href":"https:\/\/fgv.nu\/index.php?rest_route=\/wp\/v2\/types\/page"}],"author":[{"embeddable":true,"href":"https:\/\/fgv.nu\/index.php?rest_route=\/wp\/v2\/users\/2"}],"replies":[{"embeddable":true,"href":"https:\/\/fgv.nu\/index.php?rest_route=%2Fwp%2Fv2%2Fcomments&post=9"}],"version-history":[{"count":12,"href":"https:\/\/fgv.nu\/index.php?rest_route=\/wp\/v2\/pages\/9\/revisions"}],"predecessor-version":[{"id":1875,"href":"https:\/\/fgv.nu\/index.php?rest_route=\/wp\/v2\/pages\/9\/revisions\/1875"}],"wp:attachment":[{"href":"https:\/\/fgv.nu\/index.php?rest_route=%2Fwp%2Fv2%2Fmedia&parent=9"}],"curies":[{"name":"wp","href":"https:\/\/api.w.org\/{rel}","templated":true}]}}